{"id":106,"date":"2017-07-12T18:49:48","date_gmt":"2017-07-12T16:49:48","guid":{"rendered":"http:\/\/losdelanoche.fr\/?page_id=106"},"modified":"2024-04-03T09:45:19","modified_gmt":"2024-04-03T07:45:19","slug":"accueil","status":"publish","type":"page","link":"https:\/\/losdelanoche.fr\/","title":{"rendered":"Accueil"},"content":{"rendered":"\n<h3 class=\"wp-block-heading\">FLAMENCO, GYPSY, LATINO &amp; MORE &#8230;<\/h3>\n\n\n\n<h3 class=\"wp-block-heading\">Nord Pas de Calais Picardie Lille Hauts de France Belgique Luxembourg<\/h3>\n\n\n\n<p><strong>Bienvenidos \/ Bemvindos \/ Bienvenus<\/strong> dans le monde LOS DE LA NOCHE, Compagnie d&rsquo;artistes Professionnels<\/p>\n\n\n\n<p>Flamenco, Gipsy, Latino, Mexicain, Tango Argentin Pop, Bal, Italien, Espagnol, Br\u00e9sil, Portugal &amp; More &#8230;<\/p>\n\n\n\n<p><strong>Cocktail V\u00e9ritable d&rsquo;influences Musicales<\/strong> qui se d\u00e9voile peu \u00e0 peu dans des spectacles exceptionnels !<br>LOS DE LA NOCHE est la seule compagnie capable de proposer un r\u00e9pertoire aussi vari\u00e9 de par les riches formations et exp\u00e9riences de ses artistes.<\/p>\n\n\n\n<p><strong>Des chanteurs et musiciens de qualit\u00e9<\/strong> qui ont fait leurs preuves dans le monde du spectacle national et international.<br><strong>LOS DE LA NOCHE CIE<\/strong>, vous fera vivre une exp\u00e9rience inoubliable en vous plongeant dans un univers typique, Intense et plein d&rsquo;\u00e9motions.<\/p>\n\n\n\n<p><strong>LE PLUS : LA DANSE<\/strong> &#8211; Danse Flamenco et sevillanes, Danse Tango Argentin, Guitare Flamenca, Chant, Percussions, Basse, Cuivres, Piano, Saxophone, Accord\u00e9on, trompette &#8211; Construisons la formation adapt\u00e9e \u00e0 vos besoins.<\/p>\n\n\n\n<p><strong>Salle de spectacles , Centres culturels et Sociaux, Festivals, Villes, Institutions<\/strong><br>Spectacle de proximit\u00e9 : Cabarets &#8211; Restaurants &#8211; piano bar &#8211; Ecoles &#8211; EPLE &#8211; Ehpad<br>Worshops &#8211; Masterclass de Danse et Musique<br>Hauts de France &#8211; Nord pas de Calais Picardie &#8211; Belgique &#8211; Lille &#8211; Paris &#8211; Luxembourg &#8211; Deutschland &#8211; Suisse<\/p>\n\n\n\n<p><strong>Contact artistique :<\/strong><br>tel : +33 (0)7 56 93 92 00 \/ Mail : losdelanoche@live.fr \/ losdelanoche.fr<\/p>\n\n\n\n<p><strong>DISPOSANT DES AGR\u00c9MENTS : AIDE \u00c0 LA DIFFUSION DU D\u00c9PARTEMENT DU NORD et PAS DE CALAIS<\/strong><\/p>\n","protected":false},"excerpt":{"rendered":"<p>FLAMENCO, GYPSY, LATINO &amp; MORE &#8230; Nord Pas de Calais Picardie Lille Hauts de France Belgique Luxembourg Bienvenidos \/ Bemvindos \/ Bienvenus dans le monde LOS DE LA NOCHE, Compagnie d&rsquo;artistes Professionnels Flamenco, Gipsy, Latino, Mexicain, Tango Argentin Pop, Bal, Italien, Espagnol, Br\u00e9sil, Portugal &amp; More &#8230; Cocktail V\u00e9ritable d&rsquo;influences [&hellip;]<\/p>\n","protected":false},"author":1,"featured_media":22,"parent":0,"menu_order":0,"comment_status":"closed","ping_status":"closed","template":"","meta":{"ngg_post_thumbnail":0,"footnotes":""},"_links":{"self":[{"href":"https:\/\/losdelanoche.fr\/index.php\/wp-json\/wp\/v2\/pages\/106"}],"collection":[{"href":"https:\/\/losdelanoche.fr\/index.php\/wp-json\/wp\/v2\/pages"}],"about":[{"href":"https:\/\/losdelanoche.fr\/index.php\/wp-json\/wp\/v2\/types\/page"}],"author":[{"embeddable":true,"href":"https:\/\/losdelanoche.fr\/index.php\/wp-json\/wp\/v2\/users\/1"}],"replies":[{"embeddable":true,"href":"https:\/\/losdelanoche.fr\/index.php\/wp-json\/wp\/v2\/comments?post=106"}],"version-history":[{"count":14,"href":"https:\/\/losdelanoche.fr\/index.php\/wp-json\/wp\/v2\/pages\/106\/revisions"}],"predecessor-version":[{"id":5558,"href":"https:\/\/losdelanoche.fr\/index.php\/wp-json\/wp\/v2\/pages\/106\/revisions\/5558"}],"wp:featuredmedia":[{"embeddable":true,"href":"https:\/\/losdelanoche.fr\/index.php\/wp-json\/wp\/v2\/media\/22"}],"wp:attachment":[{"href":"https:\/\/losdelanoche.fr\/index.php\/wp-json\/wp\/v2\/media?parent=106"}],"curies":[{"name":"wp","href":"https:\/\/api.w.org\/{rel}","templated":true}]}}